{"id":790,"date":"2025-10-17T17:04:12","date_gmt":"2025-10-17T15:04:12","guid":{"rendered":"https:\/\/rockthecity.curryketchup.be\/legal-mentions\/"},"modified":"2025-12-16T11:51:48","modified_gmt":"2025-12-16T10:51:48","slug":"mentions-legales","status":"publish","type":"page","link":"https:\/\/rockthecity.be\/fr\/mentions-legales\/","title":{"rendered":"Mentions l\u00e9gales"},"content":{"rendered":"\n<p>ROCK THE CITY<br>AVENUE DE MADRID 130 B \u00e0 1020 BXL<br>BE 0847.598.569<br>ASSOCIATION SANS BUT LUCRATIF<\/p>\n\n\n\n<h2 class=\"wp-block-heading\">PROTECTION DE LA VIE PRIV\u00c9E<\/h2>\n\n\n\n<p><br>Rock The City veille \u00e0 votre vie priv\u00e9e et, dans ce cadre, agit toujours conform\u00e9ment aux dispositions de la l\u00e9gislation belge en mati\u00e8re de vie priv\u00e9e (Loi du 8 d\u00e9cembre 1992 relative \u00e0 la protection des donn\u00e9es \u00e0 caract\u00e8re personnel). Par l&rsquo;utilisation de ce site web, vous acceptez formellement la fa\u00e7on dont Rock The City collecte et traite les donn\u00e9es \u00e0 caract\u00e8re personnel.<\/p>\n\n\n\n<h2 class=\"wp-block-heading\">DROITS DE PROPRI\u00c9T\u00c9 INTELLECTUELLE<\/h2>\n\n\n\n<p>Le site Internet est une cr\u00e9ation originale dont le contenu et la structure sont prot\u00e9g\u00e9s par les droits d&rsquo;auteur ou d&rsquo;autres droits de propri\u00e9t\u00e9 intellectuelle. Les logos, dessins, images et sons utilis\u00e9s sur le site Internet sont prot\u00e9g\u00e9s par les droits d&rsquo;auteur. Toute reproduction, diffusion, traduction, adaptation ou int\u00e9gration compl\u00e8te ou partielle dans un autre site Internet, sous quelque forme que ce soit, est interdite sans l&rsquo;approbation \u00e9crite pr\u00e9alable et expresse de Rock The City.<\/p>\n\n\n\n<h2 class=\"wp-block-heading\">S\u00c9CURIT\u00c9<\/h2>\n\n\n\n<p>Rock The City s&rsquo;engage \u00e0 prendre toutes les mesures techniques et organisationnelles appropri\u00e9es afin de prot\u00e9ger les donn\u00e9es \u00e0 caract\u00e8re personnel communiqu\u00e9es. Rock The City s&rsquo;engage \u00e0 ne pas c\u00e9der ces donn\u00e9es \u00e0 des tiers. Pour garantir cette s\u00e9curit\u00e9, P12 utilise notamment le cryptage de la communication entre le serveur et votre ordinateur et le cryptage des donn\u00e9es enregistr\u00e9es.<\/p>\n\n\n\n<h2 class=\"wp-block-heading\">CLAUSE DE NON-RESPONSABILIT\u00c9<\/h2>\n\n\n\n<p>Le pr\u00e9sent site de Rock The City vise \u00e0 promouvoir l&rsquo;acc\u00e8s du public, aux informations relatives \u00e0 ses activit\u00e9s et ses services. Notre objectif est de diffuser des informations exactes et \u00e0 jour. Nous nous efforcerons de corriger les erreurs qui nous seront signal\u00e9es. Toutefois, Rock The City n&rsquo;assume aucune responsabilit\u00e9 quant aux informations que contient le pr\u00e9sent site.<\/p>\n\n\n\n<p>Les informations contenues dans le pr\u00e9sent site:<\/p>\n\n\n\n<ul class=\"wp-block-list\">\n<li>ont exclusivement de nature g\u00e9n\u00e9rale et ne visent pas la situation particuli\u00e8re d&rsquo;une personne physique ou morale;<\/li>\n\n\n\n<li>ne sont pas n\u00e9cessairement compl\u00e8tes, exhaustives, exactes ou \u00e0 jour;<\/li>\n\n\n\n<li>renvoient parfois \u00e0 des sites ext\u00e9rieurs sur lesquels Rock The City n&rsquo;a aucun contr\u00f4le et pour lesquels Rock The City d\u00e9cline toute responsabilit\u00e9;<\/li>\n\n\n\n<li>ne constituent pas un avis professionnel ou juridique.<\/li>\n<\/ul>\n\n\n\n<p>Nous souhaitons limiter autant que possible les inconv\u00e9nients occasionn\u00e9s par des erreurs techniques.<br>Rock The City d\u00e9cline toute responsabilit\u00e9 quant aux probl\u00e8mes de ce type pouvant r\u00e9sulter d&rsquo;une utilisation de ce site ou de tout autre site ext\u00e9rieur auquel il renvoie.<\/p>\n\n\n\n<p>La pr\u00e9sente clause de non-responsabilit\u00e9 n&rsquo;a pas pour but de limiter la responsabilit\u00e9 de Rock The City de mani\u00e8re contraire aux exigences pos\u00e9es dans les l\u00e9gislations nationales applicables ou d&rsquo;exclure sa responsabilit\u00e9 dans les cas o\u00f9 elle ne peut l&rsquo;\u00eatre en vertu desdites l\u00e9gislations.<\/p>\n\n\n\n<h2 class=\"wp-block-heading\">COOKIES<\/h2>\n\n\n\n<p>Qu\u2019est-ce qu\u2019un cookies ?<\/p>\n\n\n\n<p>Un cookie est un petit fichier texte que les sites web sauvegardent sur votre ordinateur ou appareil mobile lorsque vous les consultez. Il permet \u00e0 ces sites de m\u00e9moriser vos actions et pr\u00e9f\u00e9rences (nom d&rsquo;utilisateur, langue, taille des caract\u00e8res et autres param\u00e8tres d&rsquo;affichage) pendant un temps donn\u00e9, pour que vous n&rsquo;ayez pas \u00e0 r\u00e9-indiquer ces informations \u00e0 chaque fois vous consultez ces sites ou naviguez d&rsquo;une page \u00e0 une autre.<\/p>\n\n\n\n<p>Les cookies servent \u00e0 l&rsquo;am\u00e9lioration des services qui vous sont destin\u00e9s. Certains sont strictement n\u00e9cessaires au fonctionnement du site, d&rsquo;autres servent \u00e0 am\u00e9liorer ses performances et votre exp\u00e9rience d&rsquo;utilisateur.<\/p>\n\n\n\n<p>Les cookies permettent de:<\/p>\n\n\n\n<ul class=\"wp-block-list\">\n<li>m\u00e9moriser vos donn\u00e9es de connexion;<\/li>\n\n\n\n<li>s\u00e9curiser votre connexion au site;<\/li>\n\n\n\n<li>maintenir la coh\u00e9rence graphique du site.<\/li>\n<\/ul>\n\n\n\n<p>En outre, certaines vid\u00e9os pr\u00e9sent\u00e9es sur nos pages utilisent des cookies pour recueillir des statistiques anonymes indiquant comment vous \u00eates arriv\u00e9 sur la page et quelles vid\u00e9os vous avez vues. Ces cookies ne sont pas indispensables au fonctionnement du site, mais ils facilitent votre navigation. Vous pouvez les bloquer ou les supprimer, mais vous risquez alors d&#8217;emp\u00eacher le bon fonctionnement de certains \u00e9l\u00e9ments du site.<\/p>\n\n\n\n<p>Les informations contenues dans les cookies ne visent pas \u00e0 vous identifier personnellement et nous en contr\u00f4lons pleinement les donn\u00e9es. Ces cookies ne sont jamais utilis\u00e9s \u00e0 d&rsquo;autres fins que celles indiqu\u00e9es ici.<\/p>\n\n\n\n<h2 class=\"wp-block-heading\">REGLEMENT DES LITIGES<\/h2>\n\n\n\n<p>Tout litige concernant ce site web et\/ou son contenu est soumis aux r\u00e8gles du droit belge et \u00e0 la comp\u00e9tence exclusive des tribunaux bruxellois.<\/p>\n","protected":false},"excerpt":{"rendered":"<p>ROCK THE CITYAVENUE DE MADRID 130 B \u00e0 1020 BXLBE 0847.598.569ASSOCIATION SANS BUT LUCRATIF PROTECTION DE LA VIE PRIV\u00c9E Rock The City veille \u00e0 votre vie priv\u00e9e et, dans ce cadre, agit toujours conform\u00e9ment aux dispositions de la l\u00e9gislation belge en mati\u00e8re de vie priv\u00e9e (Loi du 8 d\u00e9cembre 1992 relative \u00e0 la protection des [&hellip;]<\/p>\n","protected":false},"author":1,"featured_media":624,"parent":0,"menu_order":0,"comment_status":"closed","ping_status":"closed","template":"","meta":{"_acf_changed":false,"inline_featured_image":false,"footnotes":""},"class_list":["post-790","page","type-page","status-publish","has-post-thumbnail","hentry"],"acf":[],"aioseo_notices":[],"_links":{"self":[{"href":"https:\/\/rockthecity.be\/fr\/wp-json\/wp\/v2\/pages\/790","targetHints":{"allow":["GET"]}}],"collection":[{"href":"https:\/\/rockthecity.be\/fr\/wp-json\/wp\/v2\/pages"}],"about":[{"href":"https:\/\/rockthecity.be\/fr\/wp-json\/wp\/v2\/types\/page"}],"author":[{"embeddable":true,"href":"https:\/\/rockthecity.be\/fr\/wp-json\/wp\/v2\/users\/1"}],"replies":[{"embeddable":true,"href":"https:\/\/rockthecity.be\/fr\/wp-json\/wp\/v2\/comments?post=790"}],"version-history":[{"count":1,"href":"https:\/\/rockthecity.be\/fr\/wp-json\/wp\/v2\/pages\/790\/revisions"}],"predecessor-version":[{"id":791,"href":"https:\/\/rockthecity.be\/fr\/wp-json\/wp\/v2\/pages\/790\/revisions\/791"}],"wp:featuredmedia":[{"embeddable":true,"href":"https:\/\/rockthecity.be\/fr\/wp-json\/wp\/v2\/media\/624"}],"wp:attachment":[{"href":"https:\/\/rockthecity.be\/fr\/wp-json\/wp\/v2\/media?parent=790"}],"curies":[{"name":"wp","href":"https:\/\/api.w.org\/{rel}","templated":true}]}}